{"id":7871,"date":"2022-04-25T17:26:19","date_gmt":"2022-04-25T17:26:19","guid":{"rendered":"https:\/\/www.saamtowage.com\/ecuador\/faq\/"},"modified":"2022-05-18T14:38:19","modified_gmt":"2022-05-18T14:38:19","slug":"faq","status":"publish","type":"page","link":"https:\/\/www.saamtowage.com\/ecuador\/faq\/?lang=es","title":{"rendered":"FAQ"},"content":{"rendered":"[vc_row type=&#8221;full_width_content&#8221; full_screen_row_position=&#8221;middle&#8221; column_margin=&#8221;default&#8221; equal_height=&#8221;yes&#8221; content_placement=&#8221;middle&#8221; column_direction=&#8221;default&#8221; column_direction_tablet=&#8221;default&#8221; column_direction_phone=&#8221;default&#8221; scene_position=&#8221;center&#8221; top_padding=&#8221;8%&#8221; bottom_padding=&#8221;5%&#8221; left_padding_desktop=&#8221;6%&#8221; constrain_group_2=&#8221;yes&#8221; right_padding_desktop=&#8221;6%&#8221; top_padding_tablet=&#8221;20%&#8221; top_padding_phone=&#8221;25%&#8221; text_color=&#8221;dark&#8221; text_align=&#8221;left&#8221; row_border_radius=&#8221;none&#8221; row_border_radius_applies=&#8221;bg&#8221; zindex=&#8221;100&#8243; overflow=&#8221;visible&#8221; advanced_gradient_angle=&#8221;0&#8243; overlay_strength=&#8221;0.3&#8243; gradient_direction=&#8221;left_to_right&#8221; shape_divider_position=&#8221;bottom&#8221; bg_image_animation=&#8221;fade-in&#8221; gradient_type=&#8221;default&#8221; shape_type=&#8221;&#8221;][vc_column column_padding=&#8221;no-extra-padding&#8221; column_padding_tablet=&#8221;inherit&#8221; column_padding_phone=&#8221;inherit&#8221; column_padding_position=&#8221;all&#8221; column_element_spacing=&#8221;default&#8221; background_color_opacity=&#8221;1&#8243; background_hover_color_opacity=&#8221;1&#8243; column_shadow=&#8221;none&#8221; column_border_radius=&#8221;none&#8221; column_link_target=&#8221;_self&#8221; column_position=&#8221;default&#8221; advanced_gradient_angle=&#8221;0&#8243; gradient_direction=&#8221;left_to_right&#8221; overlay_strength=&#8221;0.3&#8243; width=&#8221;1\/1&#8243; tablet_width_inherit=&#8221;default&#8221; tablet_text_alignment=&#8221;default&#8221; phone_text_alignment=&#8221;default&#8221; animation_type=&#8221;default&#8221; bg_image_animation=&#8221;none&#8221; border_type=&#8221;simple&#8221; column_border_width=&#8221;none&#8221; column_border_style=&#8221;solid&#8221; gradient_type=&#8221;default&#8221;][vc_row_inner equal_height=&#8221;yes&#8221; content_placement=&#8221;middle&#8221; column_margin=&#8221;default&#8221; column_direction=&#8221;default&#8221; column_direction_tablet=&#8221;default&#8221; column_direction_phone=&#8221;default&#8221; text_align=&#8221;left&#8221; row_position=&#8221;default&#8221; row_position_tablet=&#8221;inherit&#8221; row_position_phone=&#8221;inherit&#8221; overflow=&#8221;visible&#8221; pointer_events=&#8221;all&#8221;][vc_column_inner column_padding=&#8221;no-extra-padding&#8221; column_padding_tablet=&#8221;inherit&#8221; column_padding_phone=&#8221;inherit&#8221; column_padding_position=&#8221;all&#8221; bottom_margin_tablet=&#8221;20&#8243; column_element_spacing=&#8221;default&#8221; background_color_opacity=&#8221;1&#8243; background_hover_color_opacity=&#8221;1&#8243; column_shadow=&#8221;none&#8221; column_border_radius=&#8221;none&#8221; column_link_target=&#8221;_self&#8221; advanced_gradient_angle=&#8221;0&#8243; gradient_direction=&#8221;left_to_right&#8221; overlay_strength=&#8221;0.3&#8243; width=&#8221;4\/5&#8243; tablet_width_inherit=&#8221;small_desktop&#8221; animation_type=&#8221;default&#8221; bg_image_animation=&#8221;none&#8221; border_type=&#8221;simple&#8221; column_border_width=&#8221;none&#8221; column_border_style=&#8221;solid&#8221; gradient_type=&#8221;default&#8221; offset=&#8221;vc_col-md-9&#8243;][split_line_heading animation_type=&#8221;line-reveal-by-space&#8221; font_style=&#8221;h1&#8243; line_reveal_by_space_text_effect=&#8221;letter-reveal-bottom&#8221; stagger_animation=&#8221;true&#8221; mobile_disable_animation=&#8221;true&#8221; content_alignment=&#8221;default&#8221; mobile_content_alignment=&#8221;inherit&#8221; link_target=&#8221;_self&#8221; text_content=&#8221;FAQ&#8221; font_size=&#8221;8vw&#8221; font_size_tablet=&#8221;9vw&#8221; font_size_phone=&#8221;10vw&#8221;][\/split_line_heading][\/vc_column_inner][vc_column_inner column_padding=&#8221;no-extra-padding&#8221; column_padding_tablet=&#8221;inherit&#8221; column_padding_phone=&#8221;inherit&#8221; column_padding_position=&#8221;all&#8221; column_element_spacing=&#8221;10px&#8221; background_color_opacity=&#8221;1&#8243; background_hover_color_opacity=&#8221;1&#8243; column_shadow=&#8221;none&#8221; column_border_radius=&#8221;none&#8221; column_link_target=&#8221;_self&#8221; advanced_gradient_angle=&#8221;0&#8243; gradient_direction=&#8221;left_to_right&#8221; overlay_strength=&#8221;0.3&#8243; width=&#8221;1\/5&#8243; tablet_width_inherit=&#8221;small_desktop&#8221; animation_type=&#8221;default&#8221; enable_animation=&#8221;true&#8221; animation=&#8221;fade-in-from-bottom&#8221; mobile_disable_entrance_animation=&#8221;true&#8221; bg_image_animation=&#8221;none&#8221; border_type=&#8221;simple&#8221; column_border_width=&#8221;none&#8221; column_border_style=&#8221;solid&#8221; gradient_type=&#8221;default&#8221; delay=&#8221;500&#8243; offset=&#8221;vc_col-md-3&#8243;][nectar_cta btn_style=&#8221;underline&#8221; heading_tag=&#8221;h6&#8243; text_color=&#8221;#0a0a0a&#8221; button_color=&#8221;default&#8221; button_border_thickness=&#8221;0px&#8221; link_type=&#8221;regular&#8221; alignment=&#8221;left&#8221; alignment_tablet=&#8221;default&#8221; alignment_phone=&#8221;default&#8221; display=&#8221;block&#8221; display_tablet=&#8221;inherit&#8221; display_phone=&#8221;inline-block&#8221; link_text=&#8221;Acerca de SAAM Towage&#8221; url=&#8221;#about&#8221; margin_right=&#8221;25&#8243;][nectar_cta btn_style=&#8221;underline&#8221; heading_tag=&#8221;h6&#8243; text_color=&#8221;#0a0a0a&#8221; button_color=&#8221;default&#8221; button_border_thickness=&#8221;0px&#8221; link_type=&#8221;regular&#8221; alignment=&#8221;left&#8221; alignment_tablet=&#8221;default&#8221; alignment_phone=&#8221;default&#8221; display=&#8221;block&#8221; display_tablet=&#8221;inherit&#8221; display_phone=&#8221;inline-block&#8221; link_text=&#8221;Acerca de nuestros servicios&#8221; url=&#8221;#services&#8221; margin_right=&#8221;25&#8243;][nectar_cta btn_style=&#8221;underline&#8221; heading_tag=&#8221;h6&#8243; text_color=&#8221;#0a0a0a&#8221; button_color=&#8221;default&#8221; button_border_thickness=&#8221;0px&#8221; link_type=&#8221;regular&#8221; alignment=&#8221;left&#8221; alignment_tablet=&#8221;default&#8221; alignment_phone=&#8221;default&#8221; display=&#8221;block&#8221; display_tablet=&#8221;inherit&#8221; display_phone=&#8221;inline-block&#8221; link_text=&#8221;Comunicaci\u00f3n y Postulaciones&#8221; url=&#8221;#Communication&#8221;][\/vc_column_inner][\/vc_row_inner][\/vc_column][\/vc_row][vc_row type=&#8221;full_width_background&#8221; full_screen_row_position=&#8221;middle&#8221; column_margin=&#8221;default&#8221; equal_height=&#8221;yes&#8221; content_placement=&#8221;middle&#8221; column_direction=&#8221;default&#8221; column_direction_tablet=&#8221;default&#8221; column_direction_phone=&#8221;default&#8221; bg_image=&#8221;534&#8243; bg_position=&#8221;center center&#8221; background_image_loading=&#8221;default&#8221; bg_repeat=&#8221;no-repeat&#8221; scene_position=&#8221;center&#8221; top_padding=&#8221;7%&#8221; bottom_padding=&#8221;7%&#8221; text_color=&#8221;light&#8221; text_align=&#8221;left&#8221; row_border_radius=&#8221;none&#8221; row_border_radius_applies=&#8221;bg&#8221; overflow=&#8221;visible&#8221; color_overlay=&#8221;#233e97&#8243; advanced_gradient_angle=&#8221;0&#8243; overlay_strength=&#8221;0.95&#8243; gradient_direction=&#8221;left_to_right&#8221; shape_divider_position=&#8221;bottom&#8221; bg_image_animation=&#8221;none&#8221; parallax_bg=&#8221;true&#8221; parallax_bg_speed=&#8221;fast&#8221; shape_type=&#8221;&#8221; gradient_type=&#8221;default&#8221;][vc_column column_padding=&#8221;padding-2-percent&#8221; column_padding_tablet=&#8221;inherit&#8221; column_padding_phone=&#8221;inherit&#8221; column_padding_position=&#8221;right&#8221; column_element_spacing=&#8221;default&#8221; background_color_opacity=&#8221;1&#8243; background_hover_color_opacity=&#8221;1&#8243; column_shadow=&#8221;none&#8221; column_border_radius=&#8221;none&#8221; column_link_target=&#8221;_self&#8221; column_position=&#8221;default&#8221; gradient_direction=&#8221;left_to_right&#8221; overlay_strength=&#8221;0.3&#8243; width=&#8221;1\/3&#8243; tablet_width_inherit=&#8221;default&#8221; tablet_text_alignment=&#8221;default&#8221; phone_text_alignment=&#8221;default&#8221; animation_type=&#8221;default&#8221; bg_image_animation=&#8221;none&#8221; border_type=&#8221;simple&#8221; column_border_width=&#8221;none&#8221; column_border_style=&#8221;solid&#8221;][vc_column_text css=&#8221;.vc_custom_1651963970376{margin-bottom: 30px !important;}&#8221;]\n<h3>Encuentra aqu\u00ed respuestas a las preguntas frecuentes sobre SAAM Towage, nuestros servicios, vacantes y mucho m\u00e1s.<\/h3>\n[\/vc_column_text][vc_column_text css=&#8221;.vc_custom_1651963981983{margin-bottom: 30px !important;}&#8221;]En esta secci\u00f3n podr\u00e1s encontrar recursos, informaci\u00f3n relevante y respuestas a algunas de las preguntas sobre los servicios, como buscar informaciones y gestionar acciones en la p\u00e1gina.<\/p>\n<p>\u00bfBuscas algo que no aparece en la lista? Contacta con nosotros completando el Formulario en la sesi\u00f3n de Contacto.[\/vc_column_text][nectar_btn size=&#8221;large&#8221; button_style=&#8221;regular&#8221; button_color_2=&#8221;Accent-Color&#8221; icon_family=&#8221;default_arrow&#8221; text=&#8221;Cont\u00e1ctanos&#8221; margin_top=&#8221;40&#8243; url=&#8221;https:\/\/www.saamtowage.com\/ecuador\/contacto\/?lang=es&#8221;][\/vc_column][vc_column column_padding=&#8221;padding-2-percent&#8221; column_padding_tablet=&#8221;inherit&#8221; column_padding_phone=&#8221;inherit&#8221; column_padding_position=&#8221;all&#8221; column_element_spacing=&#8221;default&#8221; background_color_opacity=&#8221;1&#8243; background_hover_color_opacity=&#8221;1&#8243; column_shadow=&#8221;none&#8221; column_border_radius=&#8221;none&#8221; column_link_target=&#8221;_self&#8221; column_position=&#8221;default&#8221; gradient_direction=&#8221;left_to_right&#8221; overlay_strength=&#8221;0.3&#8243; width=&#8221;2\/3&#8243; tablet_width_inherit=&#8221;default&#8221; tablet_text_alignment=&#8221;default&#8221; phone_text_alignment=&#8221;default&#8221; animation_type=&#8221;default&#8221; bg_image_animation=&#8221;none&#8221; border_type=&#8221;simple&#8221; column_border_width=&#8221;none&#8221; column_border_style=&#8221;solid&#8221;][image_with_animation image_url=&#8221;7008&#8243; image_size=&#8221;full&#8221; animation_type=&#8221;entrance&#8221; animation=&#8221;Fade In From Right&#8221; hover_animation=&#8221;none&#8221; alignment=&#8221;&#8221; border_radius=&#8221;10px&#8221; box_shadow=&#8221;x_large_depth&#8221; image_loading=&#8221;default&#8221; max_width=&#8221;100%&#8221; max_width_mobile=&#8221;default&#8221;][\/vc_column][\/vc_row][vc_row type=&#8221;full_width_background&#8221; full_screen_row_position=&#8221;middle&#8221; column_margin=&#8221;default&#8221; column_direction=&#8221;default&#8221; column_direction_tablet=&#8221;default&#8221; column_direction_phone=&#8221;default&#8221; bg_color=&#8221;#f7f7f7&#8243; scene_position=&#8221;center&#8221; top_padding=&#8221;5%&#8221; constrain_group_1=&#8221;yes&#8221; bottom_padding=&#8221;5%&#8221; text_color=&#8221;dark&#8221; text_align=&#8221;left&#8221; row_border_radius=&#8221;none&#8221; row_border_radius_applies=&#8221;bg&#8221; overflow=&#8221;visible&#8221; id=&#8221;about&#8221; advanced_gradient_angle=&#8221;0&#8243; overlay_strength=&#8221;0.3&#8243; gradient_direction=&#8221;left_to_right&#8221; shape_divider_position=&#8221;bottom&#8221; bg_image_animation=&#8221;none&#8221; gradient_type=&#8221;default&#8221; shape_type=&#8221;&#8221;][vc_column column_padding=&#8221;no-extra-padding&#8221; column_padding_tablet=&#8221;inherit&#8221; column_padding_phone=&#8221;inherit&#8221; column_padding_position=&#8221;all&#8221; column_element_spacing=&#8221;default&#8221; background_color_opacity=&#8221;1&#8243; background_hover_color_opacity=&#8221;1&#8243; column_shadow=&#8221;none&#8221; column_border_radius=&#8221;none&#8221; column_link_target=&#8221;_self&#8221; column_position=&#8221;default&#8221; gradient_direction=&#8221;left_to_right&#8221; overlay_strength=&#8221;0.3&#8243; width=&#8221;1\/1&#8243; tablet_width_inherit=&#8221;default&#8221; tablet_text_alignment=&#8221;default&#8221; phone_text_alignment=&#8221;default&#8221; animation_type=&#8221;default&#8221; bg_image_animation=&#8221;none&#8221; border_type=&#8221;simple&#8221; column_border_width=&#8221;none&#8221; column_border_style=&#8221;solid&#8221;][vc_column_text]\n<h3>Acerca de SAAM Towage<\/h3>\n[\/vc_column_text][toggles style=&#8221;minimal&#8221;][toggle color=&#8221;Default&#8221; heading_tag=&#8221;h4&#8243; title=&#8221;SAAM Towage es parte del grupo SAAM?&#8221;][vc_column_text]S\u00ed, SAAM Towage es parte del grupo SAAM y es un \u00e1rea de negocio l\u00edder en el servicio de remolcadores en Am\u00e9rica y cuarto actor a nivel mundial.[\/vc_column_text][\/toggle][toggle color=&#8221;Default&#8221; heading_tag=&#8221;h4&#8243; title=&#8221;Cuales son los valores corporativos de SAAM Towage?&#8221;][vc_column_text]Seguridad, Responsabilidad, Servicio, Honestidad y Respeto.[\/vc_column_text][\/toggle][toggle color=&#8221;Default&#8221; heading_tag=&#8221;h4&#8243; title=&#8221;Donde est\u00e1 hubicada la oficina corporativa de SAAM Towage?&#8221;][vc_column_text]Nuestra oficina corporativa est\u00e1 ubicada en Santiago, Chile en la Avenida Apoquindo 4.800.[\/vc_column_text][\/toggle][toggle color=&#8221;Default&#8221; heading_tag=&#8221;h4&#8243; title=&#8221;Cuales pa\u00edses prestamos servicios?&#8221;][vc_column_text]En la actualidad, prestamos nuestros servicios en <strong>Brasil, Canad\u00e1, Chile, Colombia, Costa Rica, Ecuador, Guatemala, Honduras, M\u00e9xico, Panam\u00e1, Per\u00fa, El Salvador y Uruguay.<\/strong>[\/vc_column_text][\/toggle][\/toggles][\/vc_column][\/vc_row][vc_row type=&#8221;full_width_background&#8221; full_screen_row_position=&#8221;middle&#8221; column_margin=&#8221;default&#8221; column_direction=&#8221;default&#8221; column_direction_tablet=&#8221;default&#8221; column_direction_phone=&#8221;default&#8221; bg_color=&#8221;#f7f7f7&#8243; scene_position=&#8221;center&#8221; text_color=&#8221;dark&#8221; text_align=&#8221;left&#8221; row_border_radius=&#8221;none&#8221; row_border_radius_applies=&#8221;bg&#8221; overflow=&#8221;visible&#8221; id=&#8221;services&#8221; advanced_gradient_angle=&#8221;0&#8243; overlay_strength=&#8221;0.3&#8243; gradient_direction=&#8221;left_to_right&#8221; shape_divider_position=&#8221;bottom&#8221; bg_image_animation=&#8221;none&#8221; gradient_type=&#8221;default&#8221; shape_type=&#8221;&#8221;][vc_column column_padding=&#8221;no-extra-padding&#8221; column_padding_tablet=&#8221;inherit&#8221; column_padding_phone=&#8221;inherit&#8221; column_padding_position=&#8221;all&#8221; column_element_spacing=&#8221;default&#8221; background_color_opacity=&#8221;1&#8243; background_hover_color_opacity=&#8221;1&#8243; column_shadow=&#8221;none&#8221; column_border_radius=&#8221;none&#8221; column_link_target=&#8221;_self&#8221; column_position=&#8221;default&#8221; gradient_direction=&#8221;left_to_right&#8221; overlay_strength=&#8221;0.3&#8243; width=&#8221;1\/1&#8243; tablet_width_inherit=&#8221;default&#8221; tablet_text_alignment=&#8221;default&#8221; phone_text_alignment=&#8221;default&#8221; animation_type=&#8221;default&#8221; bg_image_animation=&#8221;none&#8221; border_type=&#8221;simple&#8221; column_border_width=&#8221;none&#8221; column_border_style=&#8221;solid&#8221;][vc_column_text css=&#8221;.vc_custom_1652040788830{margin-top: 80px !important;}&#8221;]\n<h3>Acerca de nuestros servicios<\/h3>\n[\/vc_column_text][toggles style=&#8221;minimal&#8221;][toggle color=&#8221;Default&#8221; heading_tag=&#8221;h4&#8243; title=&#8221;Qu\u00e9 servicios mar\u00edtimos ofrecemos?&#8221;][vc_column_text]En SAAM Towage ofrecemos <strong>servicios de atraque y desatraque de naves; servicios especializados de atenci\u00f3n a las naves en terminales off-shore y de posicionamiento; anclaje de plataformas petroleras y gas\u00edferas; asistencia, salvataje y remolque; servicios especiales como remolque de barcazas y para obras civiles.<\/strong> Para m\u00e1s detalles visita la secci\u00f3n de &#8220;Que hacemos&#8221; y &#8220;Nuestros servicios&#8221;.[\/vc_column_text][\/toggle][toggle color=&#8221;Default&#8221; heading_tag=&#8221;h4&#8243; title=&#8221;Qu\u00e9 tipos de buques atendemos?&#8221;][vc_column_text]Con una <strong>tripulaci\u00f3n experimentada<\/strong>, asistimos a m\u00e1s de treinta y siete mil <strong>buques de todo tipo<\/strong> anualmente, como por ejemplo: buques de carga general, refrigerados, gaseros, petroleros, Ro-Ro, portacontenedores, etc.[\/vc_column_text][\/toggle][toggle color=&#8221;Default&#8221; heading_tag=&#8221;h4&#8243; title=&#8221;En casos de necesidad de asistencia por una emergencia como devo proceder?&#8221;][vc_column_text]Contamos con una <strong>disponibilidad 24\/7<\/strong>, brindamos respuesta r\u00e1pida y efectiva en caso de emergencias. Puedes enviar un mail directamente a <a href=\"mailto:chartering@saamtowage.com\">chartering@saamtowage.com<\/a> o contactar a nuestros gerentes comerciales, su informaci\u00f3n est\u00e1 en la secci\u00f3n de &#8220;<strong>Que hacemos<\/strong>&#8220;, &#8220;<strong>Nuestros servicios<\/strong>&#8221; y &#8220;<strong>Servicios Especiales<\/strong>&#8220;.[\/vc_column_text][\/toggle][toggle color=&#8221;Default&#8221; heading_tag=&#8221;h4&#8243; title=&#8221;Como entrar en contacto para solicitar una cotizaci\u00f3n?&#8221;][vc_column_text]Puedes enviar un mail a <a href=\"mailto:commercial@saamtowage.com\">commercial@saamtowage.com<\/a> o ir en la secci\u00f3n de &#8220;<strong>Contacto<\/strong>&#8220;, elegir el pa\u00eds que necesita la cotizaci\u00f3n y busca el contacto del gerente comercial.[\/vc_column_text][\/toggle][\/toggles][\/vc_column][\/vc_row][vc_row type=&#8221;full_width_background&#8221; full_screen_row_position=&#8221;middle&#8221; column_margin=&#8221;default&#8221; column_direction=&#8221;default&#8221; column_direction_tablet=&#8221;default&#8221; column_direction_phone=&#8221;default&#8221; bg_color=&#8221;#f7f7f7&#8243; scene_position=&#8221;center&#8221; top_padding=&#8221;5%&#8221; bottom_padding=&#8221;5%&#8221; text_color=&#8221;dark&#8221; text_align=&#8221;left&#8221; row_border_radius=&#8221;none&#8221; row_border_radius_applies=&#8221;bg&#8221; overflow=&#8221;visible&#8221; id=&#8221;Communication&#8221; advanced_gradient_angle=&#8221;0&#8243; overlay_strength=&#8221;0.3&#8243; gradient_direction=&#8221;left_to_right&#8221; shape_divider_position=&#8221;bottom&#8221; bg_image_animation=&#8221;none&#8221; gradient_type=&#8221;default&#8221; shape_type=&#8221;&#8221;][vc_column column_padding=&#8221;no-extra-padding&#8221; column_padding_tablet=&#8221;inherit&#8221; column_padding_phone=&#8221;inherit&#8221; column_padding_position=&#8221;all&#8221; column_element_spacing=&#8221;default&#8221; background_color_opacity=&#8221;1&#8243; background_hover_color_opacity=&#8221;1&#8243; column_shadow=&#8221;none&#8221; column_border_radius=&#8221;none&#8221; column_link_target=&#8221;_self&#8221; column_position=&#8221;default&#8221; gradient_direction=&#8221;left_to_right&#8221; overlay_strength=&#8221;0.3&#8243; width=&#8221;1\/1&#8243; tablet_width_inherit=&#8221;default&#8221; tablet_text_alignment=&#8221;default&#8221; phone_text_alignment=&#8221;default&#8221; animation_type=&#8221;default&#8221; bg_image_animation=&#8221;none&#8221; border_type=&#8221;simple&#8221; column_border_width=&#8221;none&#8221; column_border_style=&#8221;solid&#8221;][vc_column_text css=&#8221;.vc_custom_1652040840455{margin-top: 80px !important;}&#8221;]\n<h3>Comunicaci\u00f3n y Postulaciones<\/h3>\n[\/vc_column_text][toggles style=&#8221;minimal&#8221;][toggle color=&#8221;Default&#8221; heading_tag=&#8221;h4&#8243; title=&#8221;Como me comunico con una oficina espec\u00edfica de un pa\u00eds?&#8221;][vc_column_text]Los contactos comerciales de cada pa\u00eds est\u00e1 en la secci\u00f3n de &#8220;<strong>Contacto<\/strong>&#8220;, pero si buscas un contacto de alguna oficina o \u00e1rea espec\u00edfica hay que ir en la secci\u00f3n de &#8220;<strong>Donde estamos<\/strong>&#8220;, seleccionar el pa\u00eds que buscas y posterior ir en la secci\u00f3n de &#8220;<strong>Contacto<\/strong>&#8220;.[\/vc_column_text][\/toggle][toggle color=&#8221;Default&#8221; heading_tag=&#8221;h4&#8243; title=&#8221;Hay alg\u00fan canal de denuncias? Como contactar?&#8221;][vc_column_text]S\u00ed, <strong>al final de esta p\u00e1gina<\/strong> tienes acceso directo a la p\u00e1gina del <strong>canal de denuncias<\/strong>.[\/vc_column_text][\/toggle][toggle color=&#8221;Default&#8221; heading_tag=&#8221;h4&#8243; title=&#8221;Como postular a una vacante?&#8221;][vc_column_text]Hay 2 formas de postulaci\u00f3n, en la secci\u00f3n &#8220;<strong>Trabaje con nosotros<\/strong>&#8221; busca por un puesto abierto en <strong>Oportunidades<\/strong> y si te interesa postula directamente. La otra opci\u00f3n es rellenar el formulario en la misma secci\u00f3n pero en la opci\u00f3n de &#8220;<strong>Env\u00eda tu CV<\/strong>&#8220;.[\/vc_column_text][\/toggle][toggle color=&#8221;Default&#8221; heading_tag=&#8221;h4&#8243; title=&#8221;Por qu\u00e9 unirse al equipo SAAM Towage?&#8221;][vc_column_text]Hay muchas razones para trabajar en SAAM Towage, algunos testimonios recopilados de los empleados son: <strong>ser\u00e1s parte de una empresa de crecimiento r\u00e1pido y con muchas oportunidades de desarrollo; trabajar en una industria din\u00e1mica con excelentes profesionales; posibilidad de movilidad a m\u00e1s de 10 pa\u00edses; empresa con valores \u00e9ticos y de seguridad.<\/strong>[\/vc_column_text][\/toggle][toggle color=&#8221;Default&#8221; heading_tag=&#8221;h4&#8243; title=&#8221;\u00bfContrata a ciudadanos no canadienses?&#8221;][vc_column_text]Posiciones de practicante o cooperativas<\/p>\n<p><u>Creamos oportunidades <\/u>para que las personas y<u> pueblos originarios<\/u> de las comunidades locales se familiaricen con el entorno laboral de una empresa mar\u00edtima y adquieran experiencia laboral.Ofrecemos la oportunidad de hacer la pr\u00e1ctica de nivel de entrada a 2-3 personas por a\u00f1o<u>,<\/u> <u>provenientes <\/u>de las naciones con las que actualmente tenemos operaciones, incluyendo Metlakatla y Lax Kw&#8217;alaams First Nations, entre otras.<\/p>\n<p>Tambi\u00e9n ofrecemos dos pr\u00e1cticas o posiciones de Coop por a\u00f1o (generalmente 4 meses) a estudiantes en instalaciones educativas locales y dentro de una variedad de especialidades<u>, como<\/u> marketing, <u>\u00e1reas <\/u>comerciales y\/o basadas en proyectos.<\/p>\n<p>Si desea<u>s<\/u> postular <u>a<\/u> una pr\u00e1ctica en SAAM Towage Canad\u00e1, env\u00ed<u>a<\/u>nos un correo electr\u00f3nico con <u>t<\/u>u curr\u00edculum y disponibilidad de fechas a <a href=\"mailto:hrcanada@saamtowage.com\">hrcanada@saamtowage.com<\/a><\/p>\n<p>Asunto: Pr\u00e1ctica.[\/vc_column_text][\/toggle][\/toggles][\/vc_column][\/vc_row]\n","protected":false},"excerpt":{"rendered":"<p>[vc_row type=&#8221;full_width_content&#8221; full_screen_row_position=&#8221;middle&#8221; column_margin=&#8221;default&#8221; equal_height=&#8221;yes&#8221; content_placement=&#8221;middle&#8221; column_direction=&#8221;default&#8221; column_direction_tablet=&#8221;default&#8221; column_direction_phone=&#8221;default&#8221; scene_position=&#8221;center&#8221; top_padding=&#8221;8%&#8221; bottom_padding=&#8221;5%&#8221; left_padding_desktop=&#8221;6%&#8221; constrain_group_2=&#8221;yes&#8221; right_padding_desktop=&#8221;6%&#8221; top_padding_tablet=&#8221;20%&#8221; top_padding_phone=&#8221;25%&#8221; text_color=&#8221;dark&#8221; text_align=&#8221;left&#8221; row_border_radius=&#8221;none&#8221; row_border_radius_applies=&#8221;bg&#8221; zindex=&#8221;100&#8243; overflow=&#8221;visible&#8221; advanced_gradient_angle=&#8221;0&#8243; overlay_strength=&#8221;0.3&#8243; gradient_direction=&#8221;left_to_right&#8221; shape_divider_position=&#8221;bottom&#8221; bg_image_animation=&#8221;fade-in&#8221; gradient_type=&#8221;default&#8221; shape_type=&#8221;&#8221;][vc_column&#8230;<\/p>\n","protected":false},"author":1,"featured_media":0,"parent":0,"menu_order":0,"comment_status":"closed","ping_status":"closed","template":"","meta":{"footnotes":""},"class_list":["post-7871","page","type-page","status-publish"],"_links":{"self":[{"href":"https:\/\/www.saamtowage.com\/ecuador\/wp-json\/wp\/v2\/pages\/7871","targetHints":{"allow":["GET"]}}],"collection":[{"href":"https:\/\/www.saamtowage.com\/ecuador\/wp-json\/wp\/v2\/pages"}],"about":[{"href":"https:\/\/www.saamtowage.com\/ecuador\/wp-json\/wp\/v2\/types\/page"}],"author":[{"embeddable":true,"href":"https:\/\/www.saamtowage.com\/ecuador\/wp-json\/wp\/v2\/users\/1"}],"replies":[{"embeddable":true,"href":"https:\/\/www.saamtowage.com\/ecuador\/wp-json\/wp\/v2\/comments?post=7871"}],"version-history":[{"count":6,"href":"https:\/\/www.saamtowage.com\/ecuador\/wp-json\/wp\/v2\/pages\/7871\/revisions"}],"predecessor-version":[{"id":8477,"href":"https:\/\/www.saamtowage.com\/ecuador\/wp-json\/wp\/v2\/pages\/7871\/revisions\/8477"}],"wp:attachment":[{"href":"https:\/\/www.saamtowage.com\/ecuador\/wp-json\/wp\/v2\/media?parent=7871"}],"curies":[{"name":"wp","href":"https:\/\/api.w.org\/{rel}","templated":true}]}}