{"id":7872,"date":"2022-04-25T17:26:19","date_gmt":"2022-04-25T17:26:19","guid":{"rendered":"https:\/\/www.saamtowage.com\/mexico\/faq\/"},"modified":"2022-05-18T14:38:29","modified_gmt":"2022-05-18T14:38:29","slug":"faq","status":"publish","type":"page","link":"https:\/\/www.saamtowage.com\/mexico\/faq\/?lang=pt-br","title":{"rendered":"FAQ"},"content":{"rendered":"[vc_row type=&#8221;full_width_content&#8221; full_screen_row_position=&#8221;middle&#8221; column_margin=&#8221;default&#8221; equal_height=&#8221;yes&#8221; content_placement=&#8221;middle&#8221; column_direction=&#8221;default&#8221; column_direction_tablet=&#8221;default&#8221; column_direction_phone=&#8221;default&#8221; scene_position=&#8221;center&#8221; top_padding=&#8221;8%&#8221; bottom_padding=&#8221;5%&#8221; left_padding_desktop=&#8221;6%&#8221; constrain_group_2=&#8221;yes&#8221; right_padding_desktop=&#8221;6%&#8221; top_padding_tablet=&#8221;20%&#8221; top_padding_phone=&#8221;25%&#8221; text_color=&#8221;dark&#8221; text_align=&#8221;left&#8221; row_border_radius=&#8221;none&#8221; row_border_radius_applies=&#8221;bg&#8221; zindex=&#8221;100&#8243; overflow=&#8221;visible&#8221; advanced_gradient_angle=&#8221;0&#8243; overlay_strength=&#8221;0.3&#8243; gradient_direction=&#8221;left_to_right&#8221; shape_divider_position=&#8221;bottom&#8221; bg_image_animation=&#8221;fade-in&#8221; gradient_type=&#8221;default&#8221; shape_type=&#8221;&#8221;][vc_column column_padding=&#8221;no-extra-padding&#8221; column_padding_tablet=&#8221;inherit&#8221; column_padding_phone=&#8221;inherit&#8221; column_padding_position=&#8221;all&#8221; column_element_spacing=&#8221;default&#8221; background_color_opacity=&#8221;1&#8243; background_hover_color_opacity=&#8221;1&#8243; column_shadow=&#8221;none&#8221; column_border_radius=&#8221;none&#8221; column_link_target=&#8221;_self&#8221; column_position=&#8221;default&#8221; advanced_gradient_angle=&#8221;0&#8243; gradient_direction=&#8221;left_to_right&#8221; overlay_strength=&#8221;0.3&#8243; width=&#8221;1\/1&#8243; tablet_width_inherit=&#8221;default&#8221; tablet_text_alignment=&#8221;default&#8221; phone_text_alignment=&#8221;default&#8221; animation_type=&#8221;default&#8221; bg_image_animation=&#8221;none&#8221; border_type=&#8221;simple&#8221; column_border_width=&#8221;none&#8221; column_border_style=&#8221;solid&#8221; gradient_type=&#8221;default&#8221;][vc_row_inner equal_height=&#8221;yes&#8221; content_placement=&#8221;middle&#8221; column_margin=&#8221;default&#8221; column_direction=&#8221;default&#8221; column_direction_tablet=&#8221;default&#8221; column_direction_phone=&#8221;default&#8221; text_align=&#8221;left&#8221; row_position=&#8221;default&#8221; row_position_tablet=&#8221;inherit&#8221; row_position_phone=&#8221;inherit&#8221; overflow=&#8221;visible&#8221; pointer_events=&#8221;all&#8221;][vc_column_inner column_padding=&#8221;no-extra-padding&#8221; column_padding_tablet=&#8221;inherit&#8221; column_padding_phone=&#8221;inherit&#8221; column_padding_position=&#8221;all&#8221; bottom_margin_tablet=&#8221;20&#8243; column_element_spacing=&#8221;default&#8221; background_color_opacity=&#8221;1&#8243; background_hover_color_opacity=&#8221;1&#8243; column_shadow=&#8221;none&#8221; column_border_radius=&#8221;none&#8221; column_link_target=&#8221;_self&#8221; advanced_gradient_angle=&#8221;0&#8243; gradient_direction=&#8221;left_to_right&#8221; overlay_strength=&#8221;0.3&#8243; width=&#8221;4\/5&#8243; tablet_width_inherit=&#8221;small_desktop&#8221; animation_type=&#8221;default&#8221; bg_image_animation=&#8221;none&#8221; border_type=&#8221;simple&#8221; column_border_width=&#8221;none&#8221; column_border_style=&#8221;solid&#8221; gradient_type=&#8221;default&#8221; offset=&#8221;vc_col-md-9&#8243;][split_line_heading animation_type=&#8221;line-reveal-by-space&#8221; font_style=&#8221;h1&#8243; line_reveal_by_space_text_effect=&#8221;letter-reveal-bottom&#8221; stagger_animation=&#8221;true&#8221; mobile_disable_animation=&#8221;true&#8221; content_alignment=&#8221;default&#8221; mobile_content_alignment=&#8221;inherit&#8221; link_target=&#8221;_self&#8221; text_content=&#8221;FAQ&#8221; font_size=&#8221;8vw&#8221; font_size_tablet=&#8221;9vw&#8221; font_size_phone=&#8221;10vw&#8221;][\/split_line_heading][\/vc_column_inner][vc_column_inner column_padding=&#8221;no-extra-padding&#8221; column_padding_tablet=&#8221;inherit&#8221; column_padding_phone=&#8221;inherit&#8221; column_padding_position=&#8221;all&#8221; column_element_spacing=&#8221;10px&#8221; background_color_opacity=&#8221;1&#8243; background_hover_color_opacity=&#8221;1&#8243; column_shadow=&#8221;none&#8221; column_border_radius=&#8221;none&#8221; column_link_target=&#8221;_self&#8221; advanced_gradient_angle=&#8221;0&#8243; gradient_direction=&#8221;left_to_right&#8221; overlay_strength=&#8221;0.3&#8243; width=&#8221;1\/5&#8243; tablet_width_inherit=&#8221;small_desktop&#8221; animation_type=&#8221;default&#8221; enable_animation=&#8221;true&#8221; animation=&#8221;fade-in-from-bottom&#8221; mobile_disable_entrance_animation=&#8221;true&#8221; bg_image_animation=&#8221;none&#8221; border_type=&#8221;simple&#8221; column_border_width=&#8221;none&#8221; column_border_style=&#8221;solid&#8221; gradient_type=&#8221;default&#8221; delay=&#8221;500&#8243; offset=&#8221;vc_col-md-3&#8243;][nectar_cta btn_style=&#8221;underline&#8221; heading_tag=&#8221;h6&#8243; text_color=&#8221;#0a0a0a&#8221; button_color=&#8221;default&#8221; button_border_thickness=&#8221;0px&#8221; link_type=&#8221;regular&#8221; alignment=&#8221;left&#8221; alignment_tablet=&#8221;default&#8221; alignment_phone=&#8221;default&#8221; display=&#8221;block&#8221; display_tablet=&#8221;inherit&#8221; display_phone=&#8221;inline-block&#8221; link_text=&#8221;Sobre SAAM Towage&#8221; url=&#8221;#about&#8221; margin_right=&#8221;25&#8243;][nectar_cta btn_style=&#8221;underline&#8221; heading_tag=&#8221;h6&#8243; text_color=&#8221;#0a0a0a&#8221; button_color=&#8221;default&#8221; button_border_thickness=&#8221;0px&#8221; link_type=&#8221;regular&#8221; alignment=&#8221;left&#8221; alignment_tablet=&#8221;default&#8221; alignment_phone=&#8221;default&#8221; display=&#8221;block&#8221; display_tablet=&#8221;inherit&#8221; display_phone=&#8221;inline-block&#8221; link_text=&#8221;Sobre nossos servi\u00e7os&#8221; url=&#8221;#services&#8221; margin_right=&#8221;25&#8243;][nectar_cta btn_style=&#8221;underline&#8221; heading_tag=&#8221;h6&#8243; text_color=&#8221;#0a0a0a&#8221; button_color=&#8221;default&#8221; button_border_thickness=&#8221;0px&#8221; link_type=&#8221;regular&#8221; alignment=&#8221;left&#8221; alignment_tablet=&#8221;default&#8221; alignment_phone=&#8221;default&#8221; display=&#8221;block&#8221; display_tablet=&#8221;inherit&#8221; display_phone=&#8221;inline-block&#8221; link_text=&#8221;Comunica\u00e7\u00e3o e aplicativos&#8221; url=&#8221;#Communication&#8221;][\/vc_column_inner][\/vc_row_inner][\/vc_column][\/vc_row][vc_row type=&#8221;full_width_background&#8221; full_screen_row_position=&#8221;middle&#8221; column_margin=&#8221;default&#8221; equal_height=&#8221;yes&#8221; content_placement=&#8221;middle&#8221; column_direction=&#8221;default&#8221; column_direction_tablet=&#8221;default&#8221; column_direction_phone=&#8221;default&#8221; bg_image=&#8221;534&#8243; bg_position=&#8221;center center&#8221; background_image_loading=&#8221;default&#8221; bg_repeat=&#8221;no-repeat&#8221; scene_position=&#8221;center&#8221; top_padding=&#8221;7%&#8221; bottom_padding=&#8221;7%&#8221; text_color=&#8221;light&#8221; text_align=&#8221;left&#8221; row_border_radius=&#8221;none&#8221; row_border_radius_applies=&#8221;bg&#8221; overflow=&#8221;visible&#8221; color_overlay=&#8221;#233e97&#8243; advanced_gradient_angle=&#8221;0&#8243; overlay_strength=&#8221;0.95&#8243; gradient_direction=&#8221;left_to_right&#8221; shape_divider_position=&#8221;bottom&#8221; bg_image_animation=&#8221;none&#8221; parallax_bg=&#8221;true&#8221; parallax_bg_speed=&#8221;fast&#8221; shape_type=&#8221;&#8221; gradient_type=&#8221;default&#8221;][vc_column column_padding=&#8221;padding-2-percent&#8221; column_padding_tablet=&#8221;inherit&#8221; column_padding_phone=&#8221;inherit&#8221; column_padding_position=&#8221;right&#8221; column_element_spacing=&#8221;default&#8221; background_color_opacity=&#8221;1&#8243; background_hover_color_opacity=&#8221;1&#8243; column_shadow=&#8221;none&#8221; column_border_radius=&#8221;none&#8221; column_link_target=&#8221;_self&#8221; column_position=&#8221;default&#8221; gradient_direction=&#8221;left_to_right&#8221; overlay_strength=&#8221;0.3&#8243; width=&#8221;1\/3&#8243; tablet_width_inherit=&#8221;default&#8221; tablet_text_alignment=&#8221;default&#8221; phone_text_alignment=&#8221;default&#8221; animation_type=&#8221;default&#8221; bg_image_animation=&#8221;none&#8221; border_type=&#8221;simple&#8221; column_border_width=&#8221;none&#8221; column_border_style=&#8221;solid&#8221;][vc_column_text css=&#8221;.vc_custom_1652112790598{margin-bottom: 30px !important;}&#8221;]\n<h3>Encontre aqui respostas para perguntas frequentes sobre SAAM Towage, nossos servi\u00e7os, vagas e muito mais.<\/h3>\n[\/vc_column_text][vc_column_text css=&#8221;.vc_custom_1651964039415{margin-bottom: 30px !important;}&#8221;]Nesta se\u00e7\u00e3o voc\u00ea encontra recursos, informa\u00e7\u00f5es relevantes e respostas para algumas das d\u00favidas sobre os servi\u00e7os, como busca de informa\u00e7\u00f5es e gerenciamento de a\u00e7\u00f5es na p\u00e1gina.<\/p>\n<p>Procurando algo que n\u00e3o aparece na lista? Contacte-nos preenchendo o Formul\u00e1rio na sess\u00e3o Contacto.[\/vc_column_text][nectar_btn size=&#8221;large&#8221; button_style=&#8221;regular&#8221; button_color_2=&#8221;Accent-Color&#8221; icon_family=&#8221;default_arrow&#8221; text=&#8221;Contate a gente&#8221; margin_top=&#8221;40&#8243; url=&#8221;https:\/\/www.saamtowage.com\/mexico\/contate-nos\/?lang=pt-br&#8221;][\/vc_column][vc_column column_padding=&#8221;padding-2-percent&#8221; column_padding_tablet=&#8221;inherit&#8221; column_padding_phone=&#8221;inherit&#8221; column_padding_position=&#8221;all&#8221; column_element_spacing=&#8221;default&#8221; background_color_opacity=&#8221;1&#8243; background_hover_color_opacity=&#8221;1&#8243; column_shadow=&#8221;none&#8221; column_border_radius=&#8221;none&#8221; column_link_target=&#8221;_self&#8221; column_position=&#8221;default&#8221; gradient_direction=&#8221;left_to_right&#8221; overlay_strength=&#8221;0.3&#8243; width=&#8221;2\/3&#8243; tablet_width_inherit=&#8221;default&#8221; tablet_text_alignment=&#8221;default&#8221; phone_text_alignment=&#8221;default&#8221; animation_type=&#8221;default&#8221; bg_image_animation=&#8221;none&#8221; border_type=&#8221;simple&#8221; column_border_width=&#8221;none&#8221; column_border_style=&#8221;solid&#8221;][image_with_animation image_url=&#8221;7008&#8243; image_size=&#8221;full&#8221; animation_type=&#8221;entrance&#8221; animation=&#8221;Fade In From Right&#8221; hover_animation=&#8221;none&#8221; alignment=&#8221;&#8221; border_radius=&#8221;10px&#8221; box_shadow=&#8221;x_large_depth&#8221; image_loading=&#8221;default&#8221; max_width=&#8221;100%&#8221; max_width_mobile=&#8221;default&#8221;][\/vc_column][\/vc_row][vc_row type=&#8221;full_width_background&#8221; full_screen_row_position=&#8221;middle&#8221; column_margin=&#8221;default&#8221; column_direction=&#8221;default&#8221; column_direction_tablet=&#8221;default&#8221; column_direction_phone=&#8221;default&#8221; bg_color=&#8221;#f7f7f7&#8243; scene_position=&#8221;center&#8221; top_padding=&#8221;5%&#8221; constrain_group_1=&#8221;yes&#8221; bottom_padding=&#8221;5%&#8221; text_color=&#8221;dark&#8221; text_align=&#8221;left&#8221; row_border_radius=&#8221;none&#8221; row_border_radius_applies=&#8221;bg&#8221; overflow=&#8221;visible&#8221; id=&#8221;about&#8221; advanced_gradient_angle=&#8221;0&#8243; overlay_strength=&#8221;0.3&#8243; gradient_direction=&#8221;left_to_right&#8221; shape_divider_position=&#8221;bottom&#8221; bg_image_animation=&#8221;none&#8221; gradient_type=&#8221;default&#8221; shape_type=&#8221;&#8221;][vc_column column_padding=&#8221;no-extra-padding&#8221; column_padding_tablet=&#8221;inherit&#8221; column_padding_phone=&#8221;inherit&#8221; column_padding_position=&#8221;all&#8221; column_element_spacing=&#8221;default&#8221; background_color_opacity=&#8221;1&#8243; background_hover_color_opacity=&#8221;1&#8243; column_shadow=&#8221;none&#8221; column_border_radius=&#8221;none&#8221; column_link_target=&#8221;_self&#8221; column_position=&#8221;default&#8221; gradient_direction=&#8221;left_to_right&#8221; overlay_strength=&#8221;0.3&#8243; width=&#8221;1\/1&#8243; tablet_width_inherit=&#8221;default&#8221; tablet_text_alignment=&#8221;default&#8221; phone_text_alignment=&#8221;default&#8221; animation_type=&#8221;default&#8221; bg_image_animation=&#8221;none&#8221; border_type=&#8221;simple&#8221; column_border_width=&#8221;none&#8221; column_border_style=&#8221;solid&#8221;][vc_column_text]\n<h3>Sobre SAAM Towage<\/h3>\n[\/vc_column_text][toggles style=&#8221;minimal&#8221;][toggle color=&#8221;Default&#8221; heading_tag=&#8221;h4&#8243; title=&#8221;SAAM Towage faz parte do grupo SAAM?&#8221;][vc_column_text]Sim, SAAM Towage faz parte do grupo SAAM e \u00e9 uma \u00e1rea de neg\u00f3cio l\u00edder em servi\u00e7os de rebocadores na Am\u00e9rica e quarto ator a n\u00edvel mundial.[\/vc_column_text][\/toggle][toggle color=&#8221;Default&#8221; heading_tag=&#8221;h4&#8243; title=&#8221;Quais s\u00e3o os valores corporativos de SAAM Towage?&#8221;][vc_column_text]Seguran\u00e7a, Responsabilidade, Servi\u00e7o, Honestidade e Respeito.[\/vc_column_text][\/toggle][toggle color=&#8221;Default&#8221; heading_tag=&#8221;h4&#8243; title=&#8221;Onde est\u00e1 localizada a oficina corporativa SAAM Towage?&#8221;][vc_column_text]Nossa oficina corporativa est\u00e1 localizada em Santiago, Chile. Avenida Apoquindo, 4.800.[\/vc_column_text][\/toggle][toggle color=&#8221;Default&#8221; heading_tag=&#8221;h4&#8243; title=&#8221;Quais pa\u00edses prestamos servi\u00e7os?&#8221;][vc_column_text]Atualmente, prestamos nossos servi\u00e7os em <strong>Brasil, Canad\u00e1, Chile, Col\u00f4mbia, Costa Rica, Equador, Guatemala, Honduras, M\u00e9xico, Panam\u00e1, Per\u00fa, El Salvador e Uruguai.<\/strong>[\/vc_column_text][\/toggle][\/toggles][\/vc_column][\/vc_row][vc_row type=&#8221;full_width_background&#8221; full_screen_row_position=&#8221;middle&#8221; column_margin=&#8221;default&#8221; column_direction=&#8221;default&#8221; column_direction_tablet=&#8221;default&#8221; column_direction_phone=&#8221;default&#8221; bg_color=&#8221;#f7f7f7&#8243; scene_position=&#8221;center&#8221; text_color=&#8221;dark&#8221; text_align=&#8221;left&#8221; row_border_radius=&#8221;none&#8221; row_border_radius_applies=&#8221;bg&#8221; overflow=&#8221;visible&#8221; id=&#8221;services&#8221; advanced_gradient_angle=&#8221;0&#8243; overlay_strength=&#8221;0.3&#8243; gradient_direction=&#8221;left_to_right&#8221; shape_divider_position=&#8221;bottom&#8221; bg_image_animation=&#8221;none&#8221; gradient_type=&#8221;default&#8221; shape_type=&#8221;&#8221;][vc_column column_padding=&#8221;no-extra-padding&#8221; column_padding_tablet=&#8221;inherit&#8221; column_padding_phone=&#8221;inherit&#8221; column_padding_position=&#8221;all&#8221; column_element_spacing=&#8221;default&#8221; background_color_opacity=&#8221;1&#8243; background_hover_color_opacity=&#8221;1&#8243; column_shadow=&#8221;none&#8221; column_border_radius=&#8221;none&#8221; column_link_target=&#8221;_self&#8221; column_position=&#8221;default&#8221; gradient_direction=&#8221;left_to_right&#8221; overlay_strength=&#8221;0.3&#8243; width=&#8221;1\/1&#8243; tablet_width_inherit=&#8221;default&#8221; tablet_text_alignment=&#8221;default&#8221; phone_text_alignment=&#8221;default&#8221; animation_type=&#8221;default&#8221; bg_image_animation=&#8221;none&#8221; border_type=&#8221;simple&#8221; column_border_width=&#8221;none&#8221; column_border_style=&#8221;solid&#8221;][vc_column_text css=&#8221;.vc_custom_1652041400265{margin-top: 80px !important;}&#8221;]\n<h3>Sobre nossos servi\u00e7os<\/h3>\n[\/vc_column_text][toggles style=&#8221;minimal&#8221;][toggle color=&#8221;Default&#8221; heading_tag=&#8221;h4&#8243; title=&#8221;Quais servi\u00e7os mar\u00edtimos oferecemos?&#8221;][vc_column_text]Na SAAM Towage oferecemos <strong>servi\u00e7os de atraca\u00e7\u00e3o e desatraca\u00e7\u00e3o de navios; servi\u00e7os especializados para navios em terminais off-shore e posicionamento; ancoragem de plataformas de petr\u00f3leo e g\u00e1s; assist\u00eancia, salvamento e reboque; servi\u00e7os especiais como reboque de barca\u00e7as e obras civis.<\/strong> Para mais detalhes, visita as se\u00e7\u00f5es &#8220;O que fazemos&#8221; e &#8220;Nossos servi\u00e7os&#8221;.[\/vc_column_text][\/toggle][toggle color=&#8221;Default&#8221; heading_tag=&#8221;h4&#8243; title=&#8221;Quais tipos de navios atendemos?&#8221;][vc_column_text]Com uma <strong>tripula\u00e7\u00e3o experiente<\/strong>, atendemos anualmente mais de trinta e sete mil <strong>navios de todos os tipos<\/strong>, tais como: navios de carga geral, navios frigor\u00edficos, transportadores de g\u00e1s, petroleiros, Ro-Ro, navios porta-cont\u00eaineres, etc.[\/vc_column_text][\/toggle][toggle color=&#8221;Default&#8221; heading_tag=&#8221;h4&#8243; title=&#8221;Em casos de atendimento para emergencias, como devo proceder?&#8221;][vc_column_text]Temos <strong>disponibilidade 24 horas por dia, 7 dias por semana<\/strong>, damos uma resposta r\u00e1pida e eficaz em caso de emerg\u00eancias. Voc\u00ea pode enviar um e-mail diretamente para<a href=\"mailto:chartering@saamtowage.com\"> chartering@saamtowage.com<\/a> ou entrar em contato com nossos gerentes comerciais, seus contatos est\u00e3o na se\u00e7\u00e3o &#8220;<strong>O que fazemos<\/strong>&#8220;, &#8220;<strong>Nossos servi\u00e7os<\/strong>&#8221; e &#8220;<strong>Servi\u00e7os especiais<\/strong>&#8220;.[\/vc_column_text][\/toggle][toggle color=&#8221;Default&#8221; heading_tag=&#8221;h4&#8243; title=&#8221;Como entrar em contato para solicitar uma cotiza\u00e7\u00e3o?&#8221;][vc_column_text]Voc\u00ea pode enviar um e-mail para <a href=\"mailto:comercial@saamtowage.com\">comercial@saamtowage.com<\/a> ou ir at\u00e9 a se\u00e7\u00e3o &#8220;<strong>Contato<\/strong>&#8220;, escolher o pa\u00eds que precisa do or\u00e7amento e encontra o <strong>contato do gerente comercial<\/strong>.[\/vc_column_text][\/toggle][\/toggles][\/vc_column][\/vc_row][vc_row type=&#8221;full_width_background&#8221; full_screen_row_position=&#8221;middle&#8221; column_margin=&#8221;default&#8221; column_direction=&#8221;default&#8221; column_direction_tablet=&#8221;default&#8221; column_direction_phone=&#8221;default&#8221; bg_color=&#8221;#f7f7f7&#8243; scene_position=&#8221;center&#8221; top_padding=&#8221;5%&#8221; bottom_padding=&#8221;5%&#8221; text_color=&#8221;dark&#8221; text_align=&#8221;left&#8221; row_border_radius=&#8221;none&#8221; row_border_radius_applies=&#8221;bg&#8221; overflow=&#8221;visible&#8221; id=&#8221;Communication&#8221; advanced_gradient_angle=&#8221;0&#8243; overlay_strength=&#8221;0.3&#8243; gradient_direction=&#8221;left_to_right&#8221; shape_divider_position=&#8221;bottom&#8221; bg_image_animation=&#8221;none&#8221; gradient_type=&#8221;default&#8221; shape_type=&#8221;&#8221;][vc_column column_padding=&#8221;no-extra-padding&#8221; column_padding_tablet=&#8221;inherit&#8221; column_padding_phone=&#8221;inherit&#8221; column_padding_position=&#8221;all&#8221; column_element_spacing=&#8221;default&#8221; background_color_opacity=&#8221;1&#8243; background_hover_color_opacity=&#8221;1&#8243; column_shadow=&#8221;none&#8221; column_border_radius=&#8221;none&#8221; column_link_target=&#8221;_self&#8221; column_position=&#8221;default&#8221; gradient_direction=&#8221;left_to_right&#8221; overlay_strength=&#8221;0.3&#8243; width=&#8221;1\/1&#8243; tablet_width_inherit=&#8221;default&#8221; tablet_text_alignment=&#8221;default&#8221; phone_text_alignment=&#8221;default&#8221; animation_type=&#8221;default&#8221; bg_image_animation=&#8221;none&#8221; border_type=&#8221;simple&#8221; column_border_width=&#8221;none&#8221; column_border_style=&#8221;solid&#8221;][vc_column_text css=&#8221;.vc_custom_1652041412907{margin-top: 80px !important;}&#8221;]\n<h3>Comunica\u00e7\u00e3o e aplicativos<\/h3>\n[\/vc_column_text][toggles style=&#8221;minimal&#8221;][toggle color=&#8221;Default&#8221; heading_tag=&#8221;h4&#8243; title=&#8221;Como me comunica com um escrit\u00f3rio espec\u00edfico de um pa\u00eds?&#8221;][vc_column_text]Os contactos comerciais de cada pa\u00eds encontram-se na se\u00e7\u00e3o &#8220;<strong>Contacto<\/strong>&#8220;, mas se procura um contacto de um escrit\u00f3rio ou \u00e1rea espec\u00edfica tem de se dirigir \u00e0 se\u00e7\u00e3o &#8220;<strong>Onde estamos<\/strong>&#8220;, selecionar o pa\u00eds que procura e depois v\u00e1 para o &#8220;<strong>Contato<\/strong>&#8220;.[\/vc_column_text][\/toggle][toggle color=&#8221;Default&#8221; heading_tag=&#8221;h4&#8243; title=&#8221;Existe algum canal de den\u00fancias? Como entrar em contato?&#8221;][vc_column_text]Sim, <strong>no final desta pag\u00edna<\/strong> tem acesso direto a p\u00e1gina do <strong>canal de den\u00fancias<\/strong>.[\/vc_column_text][\/toggle][toggle color=&#8221;Default&#8221; heading_tag=&#8221;h4&#8243; title=&#8221;Como aplicar para uma vaga de trabalho?&#8221;][vc_column_text]Existem 2 formas de se candidatar, na se\u00e7\u00e3o &#8220;<strong>Trabalhe conosco<\/strong>&#8220;, procure uma vaga em aberto em <strong>Oportunidades<\/strong> e esteja interessado em portar diretamente. A outra op\u00e7\u00e3o \u00e9 preencher o formul\u00e1rio na mesma se\u00e7\u00e3o mas na op\u00e7\u00e3o &#8220;<strong>Enviar o seu CV<\/strong>&#8220;.[\/vc_column_text][\/toggle][toggle color=&#8221;Default&#8221; heading_tag=&#8221;h4&#8243; title=&#8221;Por que entrar para a equipe SAAM Towage?&#8221;][vc_column_text]Existem muitas raz\u00f5es para trabalhar na SAAM Towage, alguns depoimentos coletados de funcion\u00e1rios s\u00e3o: <strong>voc\u00ea far\u00e1 parte de uma empresa em r\u00e1pido crescimento com muitas oportunidades de desenvolvimento; trabalhar em uma ind\u00fastria din\u00e2mica com excelentes profissionais; possibilidade de mobilidade para mais de 10 pa\u00edses; empresa com valores \u00e9ticos e de seguran\u00e7a.<\/strong>[\/vc_column_text][\/toggle][toggle color=&#8221;Default&#8221; heading_tag=&#8221;h4&#8243; title=&#8221;Voc\u00ea contrata cidad\u00e3os n\u00e3o canadenses?&#8221;][vc_column_text]Cargos de estagi\u00e1rio ou cooperativo<\/p>\n<p>Criamos oportunidades para que pessoas e povos ind\u00edgenas de comunidades locais se familiarizem com o ambiente de trabalho de uma empresa mar\u00edtima e ganhem experi\u00eancia de trabalho. Oferecemos a oportunidade de fazer um est\u00e1gio inicial para 2-3 pessoas por ano, vindas das na\u00e7\u00f5es com os quais atualmente temos opera\u00e7\u00f5es, incluindo Metlakatla e Lax Kw&#8217;alaams First Nations, entre outros.<\/p>\n<p>Tamb\u00e9m oferecemos dois est\u00e1gios ou posi\u00e7\u00f5es Coop por ano (normalmente 4 meses) para estudantes em instala\u00e7\u00f5es educacionais locais e dentro de uma variedade de especialidades, incluindo marketing, neg\u00f3cios e\/ou \u00e1reas baseadas em projetos.<\/p>\n<p>Se voc\u00ea deseja se candidatar a um est\u00e1gio na SAAM Towage Canada, envie-nos um e-mail com seu curr\u00edculo e disponibilidade de datas para\u00a0 hrcanada@saamtowage.com<\/p>\n<p>Assunto: Est\u00e1gio.[\/vc_column_text][\/toggle][\/toggles][\/vc_column][\/vc_row]\n","protected":false},"excerpt":{"rendered":"<p>[vc_row type=&#8221;full_width_content&#8221; full_screen_row_position=&#8221;middle&#8221; column_margin=&#8221;default&#8221; equal_height=&#8221;yes&#8221; content_placement=&#8221;middle&#8221; column_direction=&#8221;default&#8221; column_direction_tablet=&#8221;default&#8221; column_direction_phone=&#8221;default&#8221; scene_position=&#8221;center&#8221; top_padding=&#8221;8%&#8221; bottom_padding=&#8221;5%&#8221; left_padding_desktop=&#8221;6%&#8221; constrain_group_2=&#8221;yes&#8221; right_padding_desktop=&#8221;6%&#8221; top_padding_tablet=&#8221;20%&#8221; top_padding_phone=&#8221;25%&#8221; text_color=&#8221;dark&#8221; text_align=&#8221;left&#8221; row_border_radius=&#8221;none&#8221; row_border_radius_applies=&#8221;bg&#8221; zindex=&#8221;100&#8243; overflow=&#8221;visible&#8221; advanced_gradient_angle=&#8221;0&#8243; overlay_strength=&#8221;0.3&#8243; gradient_direction=&#8221;left_to_right&#8221; shape_divider_position=&#8221;bottom&#8221; bg_image_animation=&#8221;fade-in&#8221; gradient_type=&#8221;default&#8221; shape_type=&#8221;&#8221;][vc_column&#8230;<\/p>\n","protected":false},"author":1,"featured_media":0,"parent":0,"menu_order":0,"comment_status":"closed","ping_status":"closed","template":"","meta":{"footnotes":""},"class_list":["post-7872","page","type-page","status-publish"],"_links":{"self":[{"href":"https:\/\/www.saamtowage.com\/mexico\/wp-json\/wp\/v2\/pages\/7872","targetHints":{"allow":["GET"]}}],"collection":[{"href":"https:\/\/www.saamtowage.com\/mexico\/wp-json\/wp\/v2\/pages"}],"about":[{"href":"https:\/\/www.saamtowage.com\/mexico\/wp-json\/wp\/v2\/types\/page"}],"author":[{"embeddable":true,"href":"https:\/\/www.saamtowage.com\/mexico\/wp-json\/wp\/v2\/users\/1"}],"replies":[{"embeddable":true,"href":"https:\/\/www.saamtowage.com\/mexico\/wp-json\/wp\/v2\/comments?post=7872"}],"version-history":[{"count":8,"href":"https:\/\/www.saamtowage.com\/mexico\/wp-json\/wp\/v2\/pages\/7872\/revisions"}],"predecessor-version":[{"id":8478,"href":"https:\/\/www.saamtowage.com\/mexico\/wp-json\/wp\/v2\/pages\/7872\/revisions\/8478"}],"wp:attachment":[{"href":"https:\/\/www.saamtowage.com\/mexico\/wp-json\/wp\/v2\/media?parent=7872"}],"curies":[{"name":"wp","href":"https:\/\/api.w.org\/{rel}","templated":true}]}}